{"id":7408,"date":"2020-01-16T10:47:18","date_gmt":"2020-01-16T09:47:18","guid":{"rendered":"http:\/\/turnonliterature.eu\/dk\/?page_id=7408"},"modified":"2020-01-16T10:51:37","modified_gmt":"2020-01-16T09:51:37","slug":"poesimaskinen-mobil-udstilling-af-digital-litteratur","status":"publish","type":"page","link":"https:\/\/turnonliterature.eu\/dk\/poesimaskinen-mobil-udstilling-af-digital-litteratur\/","title":{"rendered":"Poesimaskinen \u2013 mobil udstilling af digital litteratur"},"content":{"rendered":"<p><em>Poesimaskinen er st\u00e6rkt tilbage med nyt inventar og nye litter\u00e6re digitale v\u00e6rker<\/em><br \/>\n<!--more--><\/p>\n<div style=\"position:relative; overflow:hidden; padding-bottom:56.25%\"> <iframe loading=\"lazy\" src=\"https:\/\/cdn.jwplayer.com\/players\/Hes9wITJ-2brb6PQq.html\" width=\"100%\" height=\"100%\" frameborder=\"0\" scrolling=\"auto\" title=\"Poesimaskinen Intro\" style=\"position:absolute;\" allowfullscreen><\/iframe> <\/div>\n<p><em>Poesimaskinen<\/em>\u00a0giver brugerne mulighed for at opleve, hvad der sker, n\u00e5r den digitale verden m\u00f8des med litteraturen. Den ene side af den fysiske installation pr\u00e6senterer nye litter\u00e6re v\u00e6rker, som \u00e5bner op for sp\u00e6ndende og eksperimenterende fort\u00e6lleformer, behandler aktuelle emner i samtiden og giver os muligheden for at reflektere over nye teknologier.\u00a0 P\u00e5 den anden side af installationen kan brugerne skabe deres egne digte og printe dem ud. Digtene komponeres af ord og s\u00e6tninger, som\u00a0Ursula Andkj\u00e6r Olsen har forfattet\u00a0til\u00a0Poesimaskinen. Teksterne kredser om begreberne Had, Sp\u00f8rgsm\u00e5l og K\u00e6rlighed og bliver arrangeret efter den malaysiske digtform pantoum.<\/p>\n<h2><strong>L\u00e6ringsforl\u00f8b i digital litteratur p\u00e5 biblioteket<\/strong><\/h2>\n<div style=\"position: relative; overflow: hidden; padding-bottom: 56.25%;\"><iframe loading=\"lazy\" style=\"position: absolute;\" title=\"Litteratur i digital transformation\" src=\"https:\/\/cdn.jwplayer.com\/players\/PIiTw7KE-2brb6PQq.html\" width=\"100%\" height=\"100%\" frameborder=\"0\" scrolling=\"auto\" allowfullscreen=\"allowfullscreen\"><\/iframe><\/div>\n<p>Litteratur i digital transformation er et formidlingsforl\u00f8b om digital litteratur, som f\u00f8lger med n\u00e5r I booker Poesimaskinen. Materialet tilbydes gymnasier og folkeskolens \u00e6ldste klasser i efter\u00e5ret 2019.<\/p>\n<p>Forl\u00f8bet varer 1\u00bd time og foreg\u00e5r p\u00e5 biblioteket med Poesimaskinen som omdrejningspunkt med nye digitale v\u00e6rker p\u00e5 dansk og engelsk. Materialet best\u00e5r af to drejeb\u00f8ger, \u00e9n til bibliotekaren og \u00e9n til l\u00e6reren, s\u00e5 forl\u00f8bet kan afvikles af bibliotekaren i samarbejde med l\u00e6reren.<\/p>\n<p>Forl\u00f8bet kan fungere som supplement til klasseundervisning i digital litteratur og multimodal l\u00e6sning, og kan give elever og l\u00e6rer en god mulighed for at stifte bekendtskab med digital litteratur i biblioteksrummet p\u00e5 en sjov og l\u00e6rerig m\u00e5de. Forl\u00f8bet p\u00e5 biblioteket kan s\u00e5ledes kl\u00e6de dem p\u00e5 til at arbejde videre med digital litteratur i klassen.<\/p>\n<p>Poesimaskinen\u00a0udl\u00e5nes i fire, ens eksemplarer i\u00a0perioder p\u00e5 fem uger.<br \/>\n&nbsp;<\/p>\n<p>UDL\u00c5N<\/p>\n<p>De fire poesimaskiner udl\u00e5nes prim\u00e6rt til folkebiblioteker i Danmark. Poesimaskinen bliver leveret til biblioteket og afhentet igen efter fem uger (fredag i sidste udl\u00e5nsuge).<\/p>\n","protected":false},"excerpt":{"rendered":"<p>Poesimaskinen er st\u00e6rkt tilbage med nyt inventar og nye litter\u00e6re digitale v\u00e6rker<\/p>\n","protected":false},"author":1,"featured_media":7409,"parent":0,"menu_order":1,"comment_status":"closed","ping_status":"closed","template":"","meta":{"footnotes":""},"class_list":["post-7408","page","type-page","status-publish","has-post-thumbnail","hentry"],"_links":{"self":[{"href":"https:\/\/turnonliterature.eu\/dk\/wp-json\/wp\/v2\/pages\/7408"}],"collection":[{"href":"https:\/\/turnonliterature.eu\/dk\/wp-json\/wp\/v2\/pages"}],"about":[{"href":"https:\/\/turnonliterature.eu\/dk\/wp-json\/wp\/v2\/types\/page"}],"author":[{"embeddable":true,"href":"https:\/\/turnonliterature.eu\/dk\/wp-json\/wp\/v2\/users\/1"}],"replies":[{"embeddable":true,"href":"https:\/\/turnonliterature.eu\/dk\/wp-json\/wp\/v2\/comments?post=7408"}],"version-history":[{"count":4,"href":"https:\/\/turnonliterature.eu\/dk\/wp-json\/wp\/v2\/pages\/7408\/revisions"}],"predecessor-version":[{"id":7413,"href":"https:\/\/turnonliterature.eu\/dk\/wp-json\/wp\/v2\/pages\/7408\/revisions\/7413"}],"wp:featuredmedia":[{"embeddable":true,"href":"https:\/\/turnonliterature.eu\/dk\/wp-json\/wp\/v2\/media\/7409"}],"wp:attachment":[{"href":"https:\/\/turnonliterature.eu\/dk\/wp-json\/wp\/v2\/media?parent=7408"}],"curies":[{"name":"wp","href":"https:\/\/api.w.org\/{rel}","templated":true}]}}