{"id":7402,"date":"2019-12-19T16:20:47","date_gmt":"2019-12-19T15:20:47","guid":{"rendered":"http:\/\/turnonliterature.eu\/dk\/?page_id=7402"},"modified":"2019-12-19T16:20:47","modified_gmt":"2019-12-19T15:20:47","slug":"om-fuld-af-spoergsmaal","status":"publish","type":"page","link":"https:\/\/turnonliterature.eu\/dk\/om-fuld-af-spoergsmaal\/","title":{"rendered":"Om &#8220;Fuld af sp\u00f8rgsm\u00e5l&#8221;"},"content":{"rendered":"<p>Digtene her p\u00e5 siden er alle lavet af almindelige bes\u00f8gende p\u00e5 danske biblioteker. Det har de gjort p\u00e5 fire poesimaskiner, der cirkulerer p\u00e5 folkebiblioteker. Digteren Ursula Andkj\u00e6r Olsen har skrevet 3 x 1000 enkelt linjer til poesimaskinerne under overskrifterne <em>Fuld af sp\u00f8rgsm\u00e5l, Fuld af had, Fuld af k\u00e6rlighed<\/em>. Det er med Andkj\u00e6r Olsens tekst at brugeren skaber digtene. Forfatteren har p\u00e5 forh\u00e5nd besluttet at digtene best\u00e5r af 8 linjer gentaget 2 gange efter systemet i den malaysiske digtform pantoum.<\/p>\n<p>Pantoum-digtene i \u201dFuld af sp\u00f8rgsm\u00e5l\u201d best\u00e5r af fire strofer a fire linjer. Den anden og fjerde linje i hver strofe gentages som den f\u00f8rste og tredje linje i den n\u00e6ste strofe. Den sidste strofe gentager desuden linje et og tre i f\u00f8rste strofe.<\/p>\n<p>Det ser s\u00e5dan her ud:<\/p>\n<p>Strofe 1<\/p>\n<p>A<\/p>\n<p>B<\/p>\n<p>C<\/p>\n<p>D<\/p>\n<p>&nbsp;<\/p>\n<p>Strofe 2<\/p>\n<p>B<\/p>\n<p>E<\/p>\n<p>D<\/p>\n<p>F<\/p>\n<p>&nbsp;<\/p>\n<p>Strofe 3<\/p>\n<p>E<\/p>\n<p>G<\/p>\n<p>F<\/p>\n<p>H<\/p>\n<p>&nbsp;<\/p>\n<p>Strofe 4<\/p>\n<p>G<\/p>\n<p>C<\/p>\n<p>H<\/p>\n<p>A<\/p>\n","protected":false},"excerpt":{"rendered":"<p>Digtene her p\u00e5 siden er alle lavet af almindelige bes\u00f8gende p\u00e5 danske biblioteker. Det har de gjort p\u00e5 fire poesimaskiner, der cirkulerer p\u00e5 folkebiblioteker. Digteren Ursula Andkj\u00e6r Olsen har skrevet 3 x 1000 enkelt linjer til poesimaskinerne under overskrifterne Fuld af sp\u00f8rgsm\u00e5l, Fuld af had, Fuld af k\u00e6rlighed. Det er med Andkj\u00e6r Olsens tekst at &hellip; <a href=\"https:\/\/turnonliterature.eu\/dk\/om-fuld-af-spoergsmaal\/\" class=\"more-link\">L\u00e6s mere <span class=\"screen-reader-text\">Om &#8220;Fuld af sp\u00f8rgsm\u00e5l&#8221;<\/span><\/a><\/p>\n","protected":false},"author":1,"featured_media":0,"parent":0,"menu_order":0,"comment_status":"closed","ping_status":"closed","template":"","meta":{"footnotes":""},"class_list":["post-7402","page","type-page","status-publish","hentry"],"_links":{"self":[{"href":"https:\/\/turnonliterature.eu\/dk\/wp-json\/wp\/v2\/pages\/7402"}],"collection":[{"href":"https:\/\/turnonliterature.eu\/dk\/wp-json\/wp\/v2\/pages"}],"about":[{"href":"https:\/\/turnonliterature.eu\/dk\/wp-json\/wp\/v2\/types\/page"}],"author":[{"embeddable":true,"href":"https:\/\/turnonliterature.eu\/dk\/wp-json\/wp\/v2\/users\/1"}],"replies":[{"embeddable":true,"href":"https:\/\/turnonliterature.eu\/dk\/wp-json\/wp\/v2\/comments?post=7402"}],"version-history":[{"count":1,"href":"https:\/\/turnonliterature.eu\/dk\/wp-json\/wp\/v2\/pages\/7402\/revisions"}],"predecessor-version":[{"id":7403,"href":"https:\/\/turnonliterature.eu\/dk\/wp-json\/wp\/v2\/pages\/7402\/revisions\/7403"}],"wp:attachment":[{"href":"https:\/\/turnonliterature.eu\/dk\/wp-json\/wp\/v2\/media?parent=7402"}],"curies":[{"name":"wp","href":"https:\/\/api.w.org\/{rel}","templated":true}]}}