{"id":4318,"date":"2019-03-21T12:49:55","date_gmt":"2019-03-21T11:49:55","guid":{"rendered":"http:\/\/turnonliterature.eu\/dk\/?page_id=4318"},"modified":"2019-03-29T15:21:59","modified_gmt":"2019-03-29T14:21:59","slug":"skraldekunst","status":"publish","type":"page","link":"https:\/\/turnonliterature.eu\/dk\/skraldekunst\/","title":{"rendered":"Skraldekunst"},"content":{"rendered":"<p>&#8220;Skraldekunst&#8221; er et skriveeksperiment udf\u00f8rt af studerende fra \u00c6stetik og Kultur p\u00e5 Aarhus Universitet. Ekseprimentet er baseret p\u00e5 &#8220;Poesimaskinen&#8221; med Ursula Andkj\u00e6r Olsen tekst.<\/p>\n<p><a href=\"http:\/\/turnonliterature.eu\/dk\/wp-content\/uploads\/2017\/06\/SKRALDEKUNST%20PDF.pdf\" target=\"_blank\" rel=\"noopener noreferrer\">Se resultatet af Skraldekunst her<\/a> og l\u00e6s mere herunder.<\/p>\n<p>Digtene er kreeret i februar 2019 p\u00e5 Poesimaskinen p\u00e5 CAVI p\u00e5 Aarhus Universitet af #\u00c6K18 (\u00e5rgang 2018) i faget \u00c6stetisk Analyse og Metode p\u00e5 bacheloruddannelsen p\u00e5 \u00c6stetik og Kultur p\u00e5 Aarhus Universitet. De fire strofer i Poesimaskinens digtform Pantoum har vi maskeret (sammentr\u00e6ngt) for at definere digtsekvens og formflow p\u00e5 samme m\u00e5de som William Shakespeare og John Keats g\u00f8r det med sonetstroferne. En komplet liste over medlemmer af gruppen #\u00c6K18 findes bagerst i h\u00e6ftet. Otte arbejdsgrupper har hver frembragt fire digte under overskriften \u2019Skraldekunst\u2019. To er fremkommet ved kreativt at skralde digtlinjer\/s\u00e6tninger p\u00e5 Poesimaskinen. To ved at skralde p\u00e5 bloggen &lt;<a href=\"http:\/\/www.turnonliterature.eu\/dk\/\">http:\/\/www.turnonliterature.eu\/dk\/<\/a>&gt;. Overskriften \u2019Skraldekunst\u2019 hentyder til kunsten at skralde s\u00e6tninger\/digte p\u00e5 poesimaskiner og blogs med associationer til kunsten at livsskralde, kunsten at skralde madcontainere, kunsten at skralde med en skralder, kunsten at skraldgrine og kunsten at lave skraldedigte efter Henry Heerups skraldekunst. Redaktion og tilrettel\u00e6gning: J\u00f8rn Erslev Andersen, \u00c6stetik og Kultur, Aarhus Universitet. Instruktor og ansvarlig for Poesimaskinen: Malthe Stavning Erslev, Digital Design, Aarhus Universitet. Instruktor: Sofie Reimer-Walsted, \u00c6stetik og Kultur, Aarhus Universitet. Sats: American Typewriter Trykkeri: AU TRYK \u00a9 #\u00c6K18 &amp; Poesimaskinen 2019.<\/p>\n","protected":false},"excerpt":{"rendered":"<p>&#8220;Skraldekunst&#8221; er et skriveeksperiment udf\u00f8rt af studerende fra \u00c6stetik og Kultur p\u00e5 Aarhus Universitet. Ekseprimentet er baseret p\u00e5 &#8220;Poesimaskinen&#8221; med Ursula Andkj\u00e6r Olsen tekst. Se resultatet af Skraldekunst her og l\u00e6s mere herunder. Digtene er kreeret i februar 2019 p\u00e5 Poesimaskinen p\u00e5 CAVI p\u00e5 Aarhus Universitet af #\u00c6K18 (\u00e5rgang 2018) i faget \u00c6stetisk Analyse og &hellip; <a href=\"https:\/\/turnonliterature.eu\/dk\/skraldekunst\/\" class=\"more-link\">L\u00e6s mere <span class=\"screen-reader-text\">Skraldekunst<\/span><\/a><\/p>\n","protected":false},"author":1,"featured_media":4370,"parent":0,"menu_order":0,"comment_status":"closed","ping_status":"closed","template":"","meta":{"footnotes":""},"class_list":["post-4318","page","type-page","status-publish","has-post-thumbnail","hentry"],"_links":{"self":[{"href":"https:\/\/turnonliterature.eu\/dk\/wp-json\/wp\/v2\/pages\/4318"}],"collection":[{"href":"https:\/\/turnonliterature.eu\/dk\/wp-json\/wp\/v2\/pages"}],"about":[{"href":"https:\/\/turnonliterature.eu\/dk\/wp-json\/wp\/v2\/types\/page"}],"author":[{"embeddable":true,"href":"https:\/\/turnonliterature.eu\/dk\/wp-json\/wp\/v2\/users\/1"}],"replies":[{"embeddable":true,"href":"https:\/\/turnonliterature.eu\/dk\/wp-json\/wp\/v2\/comments?post=4318"}],"version-history":[{"count":5,"href":"https:\/\/turnonliterature.eu\/dk\/wp-json\/wp\/v2\/pages\/4318\/revisions"}],"predecessor-version":[{"id":4729,"href":"https:\/\/turnonliterature.eu\/dk\/wp-json\/wp\/v2\/pages\/4318\/revisions\/4729"}],"wp:featuredmedia":[{"embeddable":true,"href":"https:\/\/turnonliterature.eu\/dk\/wp-json\/wp\/v2\/media\/4370"}],"wp:attachment":[{"href":"https:\/\/turnonliterature.eu\/dk\/wp-json\/wp\/v2\/media?parent=4318"}],"curies":[{"name":"wp","href":"https:\/\/api.w.org\/{rel}","templated":true}]}}